{"id":9,"date":"2025-11-09T14:03:00","date_gmt":"2025-11-09T14:03:00","guid":{"rendered":"http:\/\/gagarinschule.db.wnzlx.de\/?page_id=9"},"modified":"2025-11-09T18:11:44","modified_gmt":"2025-11-09T18:11:44","slug":"herzlich-willkommen-in-der-juri-gagarin-oberschule-in-furstenwalde","status":"publish","type":"page","link":"http:\/\/gagarinschule.db.wnzlx.de\/index.php\/herzlich-willkommen-in-der-juri-gagarin-oberschule-in-furstenwalde\/","title":{"rendered":"Willkommen"},"content":{"rendered":"\n<p>Zur Zeit unterrichten 28 Lehrer ca. 300 Sch\u00fcler. Eine Sozialarbeiterin unterst\u00fctzt Sch\u00fcler und Lehrer. Die 7. &#8211; 10. Klassen lernen im Ganztagsbetrieb.<\/p>\n\n\n\n<hr class=\"wp-block-separator has-alpha-channel-opacity\"\/>\n\n\n\n<p>An unserer Schule k\u00f6nnen folgende Abschl\u00fcsse erworben werden:<\/p>\n\n\n\n<ul class=\"wp-block-list\">\n<li>Realschulabschlusss\/Fachoberschulreife mit Berechtigung zum Besuch der gymnasialen Oberstufe<\/li>\n\n\n\n<li>Realschulabschluss\/Fachoberschulreife<\/li>\n\n\n\n<li>Erwetiterter Hauptschulabschluss\/Erweiterte Berufsbildungsreife<\/li>\n\n\n\n<li>Haupschulabschluss\/Berufsbildungsreife<\/li>\n\n\n\n<li>Abschluss der Schule mit sonderp\u00e4dagogischem F\u00f6rderschwerpunkt &#8220;Lernen&#8221;\/Abschluss F\u00f6rderschule<\/li>\n<\/ul>\n\n\n\n<p><\/p>\n","protected":false},"excerpt":{"rendered":"<p>Zur Zeit unterrichten 28 Lehrer ca. 300 Sch\u00fcler. Eine Sozialarbeiterin unterst\u00fctzt Sch\u00fcler und Lehrer. Die 7. &#8211; 10. Klassen lernen im Ganztagsbetrieb. An unserer Schule k\u00f6nnen folgende Abschl\u00fcsse erworben werden:<\/p>\n","protected":false},"author":1,"featured_media":0,"parent":0,"menu_order":0,"comment_status":"closed","ping_status":"closed","template":"","meta":{"footnotes":""},"class_list":["post-9","page","type-page","status-publish","hentry"],"_links":{"self":[{"href":"http:\/\/gagarinschule.db.wnzlx.de\/index.php\/wp-json\/wp\/v2\/pages\/9","targetHints":{"allow":["GET"]}}],"collection":[{"href":"http:\/\/gagarinschule.db.wnzlx.de\/index.php\/wp-json\/wp\/v2\/pages"}],"about":[{"href":"http:\/\/gagarinschule.db.wnzlx.de\/index.php\/wp-json\/wp\/v2\/types\/page"}],"author":[{"embeddable":true,"href":"http:\/\/gagarinschule.db.wnzlx.de\/index.php\/wp-json\/wp\/v2\/users\/1"}],"replies":[{"embeddable":true,"href":"http:\/\/gagarinschule.db.wnzlx.de\/index.php\/wp-json\/wp\/v2\/comments?post=9"}],"version-history":[{"count":3,"href":"http:\/\/gagarinschule.db.wnzlx.de\/index.php\/wp-json\/wp\/v2\/pages\/9\/revisions"}],"predecessor-version":[{"id":33,"href":"http:\/\/gagarinschule.db.wnzlx.de\/index.php\/wp-json\/wp\/v2\/pages\/9\/revisions\/33"}],"wp:attachment":[{"href":"http:\/\/gagarinschule.db.wnzlx.de\/index.php\/wp-json\/wp\/v2\/media?parent=9"}],"curies":[{"name":"wp","href":"https:\/\/api.w.org\/{rel}","templated":true}]}}